{"id":118,"date":"2023-05-04T10:54:44","date_gmt":"2023-05-04T08:54:44","guid":{"rendered":"https:\/\/fibre-actu.fr\/?page_id=118"},"modified":"2023-05-04T10:54:44","modified_gmt":"2023-05-04T08:54:44","slug":"5g","status":"publish","type":"page","link":"https:\/\/fibre-actu.fr\/index.php\/5g\/","title":{"rendered":"5G"},"content":{"rendered":"\n<p>Suite de la\u00a04G, la\u00a05G est la cinqui\u00e8me g\u00e9n\u00e9ration de standards en t\u00e9l\u00e9communication mobile. Ces d\u00e9bits de donn\u00e9es sont susceptibles de r\u00e9pondre \u00e0 la demande croissante de donn\u00e9es avec l&#8217;essor des smartphones et objets communicants, connect\u00e9s en r\u00e9seau.<\/p>\n\n\n\n<p>Consid\u00e9r\u00e9e comme une technologie cl\u00e9, elle propose des d\u00e9bits de plusieurs gigabits et devrait \u00eatre jusqu&#8217;\u00e0 100&nbsp;fois plus rapide que la&nbsp;4G.<\/p>\n\n\n\n<p>Les\u00a0op\u00e9rateurs t\u00e9l\u00e9coms\u00a0\u00e0 s&#8217;\u00eatre positionn\u00e9s sur l&#8217;appel d&#8217;offres concernant les fr\u00e9quences de la 5G sont Orange, Free, SFR et Bouygues Telecom, qui ont commenc\u00e9 \u00e0 d\u00e9ployer leurs offres d\u00e9di\u00e9es \u00e0 la nouvelle technologie mobile en fin d&#8217;ann\u00e9e\u00a02020.<\/p>\n","protected":false},"excerpt":{"rendered":"<p class=\"text-justify\">Suite de la\u00a04G, la\u00a05G est la cinqui\u00e8me g\u00e9n\u00e9ration de standards en t\u00e9l\u00e9communication mobile. Ces d\u00e9bits de donn\u00e9es sont susceptibles de r\u00e9pondre \u00e0 la demande croissante de donn\u00e9es avec l&#8217;essor des smartphones et objets communicants, connect\u00e9s [&hellip;]<\/p>\n","protected":false},"author":2,"featured_media":0,"parent":0,"menu_order":0,"comment_status":"closed","ping_status":"closed","template":"","meta":{"footnotes":""},"class_list":["post-118","page","type-page","status-publish","hentry"],"_links":{"self":[{"href":"https:\/\/fibre-actu.fr\/index.php\/wp-json\/wp\/v2\/pages\/118","targetHints":{"allow":["GET"]}}],"collection":[{"href":"https:\/\/fibre-actu.fr\/index.php\/wp-json\/wp\/v2\/pages"}],"about":[{"href":"https:\/\/fibre-actu.fr\/index.php\/wp-json\/wp\/v2\/types\/page"}],"author":[{"embeddable":true,"href":"https:\/\/fibre-actu.fr\/index.php\/wp-json\/wp\/v2\/users\/2"}],"replies":[{"embeddable":true,"href":"https:\/\/fibre-actu.fr\/index.php\/wp-json\/wp\/v2\/comments?post=118"}],"version-history":[{"count":1,"href":"https:\/\/fibre-actu.fr\/index.php\/wp-json\/wp\/v2\/pages\/118\/revisions"}],"predecessor-version":[{"id":119,"href":"https:\/\/fibre-actu.fr\/index.php\/wp-json\/wp\/v2\/pages\/118\/revisions\/119"}],"wp:attachment":[{"href":"https:\/\/fibre-actu.fr\/index.php\/wp-json\/wp\/v2\/media?parent=118"}],"curies":[{"name":"wp","href":"https:\/\/api.w.org\/{rel}","templated":true}]}}